{"id":40,"date":"2025-01-19T17:21:44","date_gmt":"2025-01-19T16:21:44","guid":{"rendered":"http:\/\/goreanslave.pl\/?page_id=40"},"modified":"2026-02-25T17:21:48","modified_gmt":"2026-02-25T16:21:48","slug":"kajira-niewolnica-ulegla","status":"publish","type":"page","link":"https:\/\/goreanslave.pl\/","title":{"rendered":"kajira, niewolnica, uleg\u0142a"},"content":{"rendered":"\n<h2 class=\"wp-block-heading\">W niewoli prawdziwie wolna si\u0119 staj\u0119 <\/h2>\n\n\n\n<p>Dlatego \u017ce Go kocham, mo\u017ce mie\u0107 wszystko, m\u00f3j czas, moj\u0105 uwag\u0119, moje po\u015bwi\u0119cenie i oddanie, m\u00f3j umys\u0142 i moje cia\u0142o. Mo\u017ce posiada\u0107 mnie na w\u0142asno\u015b\u0107. <\/p>\n\n\n\n<blockquote class=\"wp-block-quote is-layout-flow wp-block-quote-is-layout-flow\">\n<p>&#8222;Kobieta jest uleg\u0142a i \u0142agodna z natury, prawdziwemu m\u0119\u017cczy\u017anie odda si\u0119 ca\u0142a, spe\u0142niaj\u0105c ka\u017cd\u0105 jego zachciank\u0119, ka\u017cde jego pragnienie, co i jej uczyni wielk\u0105 rado\u015b\u0107 i satysfakcj\u0119. Dzieje si\u0119 tak jednak tylko wtedy kiedy czuje si\u0119 bezpiecznie u jego boku&#8221;<br><br>                                                                                              S\u0142owa moje z serca<\/p>\n<\/blockquote>\n\n\n\n<p>Niniejsza strona jest form\u0105 dzielenia si\u0119 moj\u0105, zdobyt\u0105 wiedz\u0105 dotycz\u0105c\u0105 Gorean Lifstyle, oraz tego jak ja widz\u0119 i interpretuj\u0119 ten w\u0142a\u015bnie styl \u017cycia.<\/p>\n\n\n\n<p><\/p>\n\n\n\n<div class=\"wp-block-group\"><div class=\"wp-block-group__inner-container is-layout-constrained wp-block-group-is-layout-constrained\">\n<pre class=\"wp-block-preformatted\"><em><strong><a href=\"https:\/\/discord.gg\/YxPCRYEgnz\" data-type=\"link\" data-id=\"https:\/\/discord.gg\/YxPCRYEgnz\">Czat<\/a>  <\/strong><\/em><br><br><em><strong><a href=\"https:\/\/asterikajira.blogspot.com\/\" data-type=\"link\" data-id=\"https:\/\/asterikajira.blogspot.com\/\">Moje przygody BDSM<\/a>        <\/strong><\/em><br><em><strong>    <\/strong><\/em><br><a href=\"https:\/\/www.reddit.com\/u\/Fickle_Peak_7260\/s\/xeu9tUX4Jk\"><strong><em>Reddit<\/em><\/strong><\/a><br><br><strong><em><a href=\"https:\/\/x.com\/TheaAsteri93\">https:\/\/x.com\/TheaAsteri93<\/a><\/em><\/strong><br><br><strong><em><a href=\"http:\/\/buymeacoffee.com\/TheaAsteri\">buymeacoffee.com\/TheaAsteri<\/a><\/em><\/strong><br><br>GG:68346245<\/pre>\n<\/div><\/div>\n\n\n\n<p><\/p>\n\n\n\n<p>Swoj\u0105 wiedz\u0119 opieram przede wszystkim na do\u015bwiadczeniu w budowaniu relacji polegaj\u0105cych na dominacji i uleg\u0142o\u015bci; r\u00f3\u017cnego rodzaju dyskusji na forach i czatach po\u015bwi\u0119conych tematyce&nbsp;<strong><a href=\"https:\/\/pl.wikipedia.org\/wiki\/BDSM\">BDSM<\/a><\/strong>, w kt\u00f3rych od lat ch\u0119tnie bior\u0119 udzia\u0142; oraz na podstawie przeczytanych w ca\u0142o\u015bci lub fragmentami&nbsp;<a href=\"https:\/\/lubimyczytac.pl\/autor\/72957\/john-norman\"><strong>Kronik Johna Normana<\/strong><\/a>, na kt\u00f3rych to wzorowany jest powy\u017cszy styl \u017cycia i filozofia.<\/p>\n\n\n\n<p><\/p>\n","protected":false},"excerpt":{"rendered":"<p>W niewoli prawdziwie wolna si\u0119 staj\u0119 Dlatego \u017ce Go kocham, mo\u017ce mie\u0107 wszystko, m\u00f3j czas, moj\u0105 uwag\u0119, moje po\u015bwi\u0119cenie i oddanie, m\u00f3j umys\u0142 i moje cia\u0142o. Mo\u017ce posiada\u0107 mnie na w\u0142asno\u015b\u0107. &#8222;Kobieta jest uleg\u0142a i \u0142agodna z natury, prawdziwemu m\u0119\u017cczy\u017anie odda si\u0119 ca\u0142a, spe\u0142niaj\u0105c ka\u017cd\u0105 jego zachciank\u0119, ka\u017cde jego pragnienie, co i jej uczyni wielk\u0105 &hellip; <a href=\"https:\/\/goreanslave.pl\/\" class=\"more-link\">Czytaj dalej<span class=\"screen-reader-text\"> \u201ekajira, niewolnica, uleg\u0142a\u201d<\/span><\/a><\/p>\n","protected":false},"author":1,"featured_media":0,"parent":0,"menu_order":0,"comment_status":"closed","ping_status":"closed","template":"","meta":{"footnotes":""},"class_list":["post-40","page","type-page","status-publish","hentry"],"_links":{"self":[{"href":"https:\/\/goreanslave.pl\/index.php?rest_route=\/wp\/v2\/pages\/40","targetHints":{"allow":["GET"]}}],"collection":[{"href":"https:\/\/goreanslave.pl\/index.php?rest_route=\/wp\/v2\/pages"}],"about":[{"href":"https:\/\/goreanslave.pl\/index.php?rest_route=\/wp\/v2\/types\/page"}],"author":[{"embeddable":true,"href":"https:\/\/goreanslave.pl\/index.php?rest_route=\/wp\/v2\/users\/1"}],"replies":[{"embeddable":true,"href":"https:\/\/goreanslave.pl\/index.php?rest_route=%2Fwp%2Fv2%2Fcomments&post=40"}],"version-history":[{"count":18,"href":"https:\/\/goreanslave.pl\/index.php?rest_route=\/wp\/v2\/pages\/40\/revisions"}],"predecessor-version":[{"id":131,"href":"https:\/\/goreanslave.pl\/index.php?rest_route=\/wp\/v2\/pages\/40\/revisions\/131"}],"wp:attachment":[{"href":"https:\/\/goreanslave.pl\/index.php?rest_route=%2Fwp%2Fv2%2Fmedia&parent=40"}],"curies":[{"name":"wp","href":"https:\/\/api.w.org\/{rel}","templated":true}]}}